{"id":2170,"date":"2023-11-28T13:36:59","date_gmt":"2023-11-28T13:36:59","guid":{"rendered":"https:\/\/planetnarratives.de\/network\/"},"modified":"2024-06-27T21:26:06","modified_gmt":"2024-06-27T21:26:06","slug":"network","status":"publish","type":"page","link":"https:\/\/planetnarratives.de\/en\/network\/","title":{"rendered":"Network"},"content":{"rendered":"\n<p>In developing our content and implementing our events, we collaborate closely with leading experts in the fields of climate and transformation science, climate communication, climate psychology and storytelling.<\/p>\n\n<p><strong>Rrof. Stefan Rahmstorf <\/strong> is a climate scientist and one of the leading authors of the fourth IPCC report. He is one of the most-cited researchers globally in his area of expertise.<\/p>\n\n<p><strong>Prof. Maren Urner<\/strong> is a neuroscientist and professor for media psychology at the Cologne Media University for Applied Sciences. In 2016, Urner founded the first ad-free online magazine for constructive journalism &#8220;Perspective Daily&#8221;. She is a columnist for German newspaper Frankfurter Rundschau. Her books &#8220;Schluss mit dem t\u00e4glichen Weltuntergang&#8221; (Enough with the daily apocalypse) and &#8220;Raus aus der ewigen Dauerkrise&#8221; (Get out of the eternal crisis) are both bestsellers.<\/p>\n\n<p><strong>Samira El Ouassil <\/strong>is an actress, musician and author for \u00dcbermedien and Spiegel, among others. With Friedemann Karig, she wrote <a href=\"https:\/\/www.ullstein.de\/werke\/erzaehlende-affen\/taschenbuch\/9783548067339\"><em>Erz\u00e4hlende Affen<\/em><\/a><em> <\/em> &#8211; a book about the ambivalent power of stories, about which kinds of stories are a threat to us today and about why we need new ones.<\/p>\n\n<p><strong>Katharina van Bronswijk<\/strong> is spokesperson at Psychologists and Psychotherapists for Future, and as such, she is an expert for the complex interplay between environmental crises and mental health. In this field, she regularly gives talks and interviews and has written two books: &#8220;<a href=\"https:\/\/www.psychosozial-verlag.de\/3110\"><em>Climate Action &#8211; Psychologie der Klimakrise<\/em><\/a>&#8221; (Psychology of the Climate Crisis) and &#8220;<a href=\"https:\/\/www.oekom.de\/buch\/klima-im-kopf-9783962383817\">Klima im Kopf<\/a>&#8221; (Climate on your mind). <\/p>\n\n<p><strong>Silke Zertz<\/strong> has written scripts for over fourty feature films and series in German TV. For her work, she was awarded both the Deutscher Filmpreis and the Bavarian Filmpreis, two high-profile TV awards. For many years, she has been promoting in theory and practice the acknowledgement and use of the power of popcultural narratives to fight the climate crisis.<\/p>\n\n<p><strong>Dr. Insa Thiele-Eich<\/strong> is a meteorologist, scientific coordinator at Bonn university\u2019s meteorological institute and a candidate to be the first female astronaut in Germany.<\/p>\n\n<p><strong>Dr. Nicole Wasmuth-Zabel<\/strong>is an expert in media law with years of experience in the film industry, a climate fiction consultant and founder of Planet Narratives. <br\/><strong>Lars Jessen,<\/strong>founder of PlanetNarratives,<strong> <\/strong>is an award-winning film director and producer (<em>Mittagsstunde) <\/em>and initiator of numerous projects playing off the transformative power of great stories.<\/p>\n\n<p><strong>Moritz Vierboom<\/strong> ist Schauspieler und Mitgr\u00fcnder der Green-Filming-Initiative Changemakers.film, die seit einigen Jahren Vorreiterin ist beim Entwickeln \u00f6kologischer Standards f\u00fcr Dreharbeiten.<\/p>\n","protected":false},"excerpt":{"rendered":"<p>In developing our content and implementing our events, we collaborate closely with leading experts in the fields of climate and transformation science, climate communication, climate psychology and storytelling. Rrof. Stefan [&hellip;]<\/p>\n","protected":false},"author":1,"featured_media":0,"parent":0,"menu_order":0,"comment_status":"closed","ping_status":"closed","template":"","meta":{"_price":"","_stock":"","_tribe_ticket_header":"","_tribe_default_ticket_provider":"","_tribe_ticket_capacity":"0","_ticket_start_date":"","_ticket_end_date":"","_tribe_ticket_show_description":"","_tribe_ticket_show_not_going":false,"_tribe_ticket_use_global_stock":"","_tribe_ticket_global_stock_level":"","_global_stock_mode":"","_global_stock_cap":"","_tribe_rsvp_for_event":"","_tribe_ticket_going_count":"","_tribe_ticket_not_going_count":"","_tribe_tickets_list":"[]","_tribe_ticket_has_attendee_info_fields":false,"footnotes":"","_tec_slr_enabled":"","_tec_slr_layout":""},"class_list":["post-2170","page","type-page","status-publish","hentry"],"ticketed":false,"_links":{"self":[{"href":"https:\/\/planetnarratives.de\/en\/wp-json\/wp\/v2\/pages\/2170","targetHints":{"allow":["GET"]}}],"collection":[{"href":"https:\/\/planetnarratives.de\/en\/wp-json\/wp\/v2\/pages"}],"about":[{"href":"https:\/\/planetnarratives.de\/en\/wp-json\/wp\/v2\/types\/page"}],"author":[{"embeddable":true,"href":"https:\/\/planetnarratives.de\/en\/wp-json\/wp\/v2\/users\/1"}],"replies":[{"embeddable":true,"href":"https:\/\/planetnarratives.de\/en\/wp-json\/wp\/v2\/comments?post=2170"}],"version-history":[{"count":1,"href":"https:\/\/planetnarratives.de\/en\/wp-json\/wp\/v2\/pages\/2170\/revisions"}],"predecessor-version":[{"id":2171,"href":"https:\/\/planetnarratives.de\/en\/wp-json\/wp\/v2\/pages\/2170\/revisions\/2171"}],"wp:attachment":[{"href":"https:\/\/planetnarratives.de\/en\/wp-json\/wp\/v2\/media?parent=2170"}],"curies":[{"name":"wp","href":"https:\/\/api.w.org\/{rel}","templated":true}]}}